{"id":421,"date":"2018-09-03T12:25:16","date_gmt":"2018-09-03T12:25:16","guid":{"rendered":"https:\/\/adventure-overland-show.com\/?page_id=421"},"modified":"2026-01-26T16:00:10","modified_gmt":"2026-01-26T16:00:10","slug":"exhibitors-list","status":"publish","type":"page","link":"https:\/\/adventure-overland-show.com\/es\/exhibitors-list\/","title":{"rendered":"Lista de expositores"},"content":{"rendered":"<div id=\"pl-421\"  class=\"panel-layout\" ><div id=\"pg-421-0\"  class=\"panel-grid panel-has-style\" ><div class=\"siteorigin-panels-stretch panel-row-style panel-row-style-for-421-0\" style=\"padding: 0px 0; \" data-stretch-type=\"full-width-stretch\" data-overlay=\"true\" data-overlay-color=\"#000000\" ><div id=\"pgc-421-0-0\"  class=\"panel-grid-cell\" ><div id=\"panel-421-0-0-0\" class=\"so-panel widget widget_sow-image panel-first-child panel-last-child\" data-index=\"0\" ><div style=\"text-align: left;\" data-title-color=\"#443f3f\" data-headings-color=\"#443f3f\" class=\"panel-widget-style panel-widget-style-for-421-0-0-0\" ><div\n\t\t\t\n\t\t\tclass=\"so-widget-sow-image so-widget-sow-image-default-8b5b6f678277-421\"\n\t\t\t\n\t\t>\n<div class=\"sow-image-container\">\n\t\t<img fetchpriority=\"high\" \n\tsrc=\"https:\/\/i0.wp.com\/adventure-overland-show.com\/wp-content\/uploads\/2018\/09\/List-of-Exhibitors-header.jpg?fit=3600%2C867&amp;ssl=1\" width=\"3600\" height=\"867\" srcset=\"https:\/\/i0.wp.com\/adventure-overland-show.com\/wp-content\/uploads\/2018\/09\/List-of-Exhibitors-header.jpg?w=3600&amp;ssl=1 3600w, https:\/\/i0.wp.com\/adventure-overland-show.com\/wp-content\/uploads\/2018\/09\/List-of-Exhibitors-header.jpg?resize=300%2C72&amp;ssl=1 300w, https:\/\/i0.wp.com\/adventure-overland-show.com\/wp-content\/uploads\/2018\/09\/List-of-Exhibitors-header.jpg?resize=1024%2C247&amp;ssl=1 1024w, https:\/\/i0.wp.com\/adventure-overland-show.com\/wp-content\/uploads\/2018\/09\/List-of-Exhibitors-header.jpg?resize=830%2C200&amp;ssl=1 830w, https:\/\/i0.wp.com\/adventure-overland-show.com\/wp-content\/uploads\/2018\/09\/List-of-Exhibitors-header.jpg?resize=230%2C55&amp;ssl=1 230w, https:\/\/i0.wp.com\/adventure-overland-show.com\/wp-content\/uploads\/2018\/09\/List-of-Exhibitors-header.jpg?resize=350%2C84&amp;ssl=1 350w, https:\/\/i0.wp.com\/adventure-overland-show.com\/wp-content\/uploads\/2018\/09\/List-of-Exhibitors-header.jpg?resize=480%2C116&amp;ssl=1 480w, https:\/\/i0.wp.com\/adventure-overland-show.com\/wp-content\/uploads\/2018\/09\/List-of-Exhibitors-header.jpg?w=2340&amp;ssl=1 2340w, https:\/\/i0.wp.com\/adventure-overland-show.com\/wp-content\/uploads\/2018\/09\/List-of-Exhibitors-header.jpg?w=3510&amp;ssl=1 3510w\" alt=\"\" \t\tclass=\"so-widget-image\"\/>\n\t<\/div>\n\n<\/div><\/div><\/div><\/div><\/div><\/div><div id=\"pg-421-1\"  class=\"panel-grid panel-has-style\" ><div style=\"padding: 100px 0; \" data-overlay=\"true\" data-overlay-color=\"#000000\" class=\"panel-row-style panel-row-style-for-421-1\" ><div id=\"pgc-421-1-0\"  class=\"panel-grid-cell\" ><div id=\"panel-421-1-0-0\" class=\"so-panel widget widget_sow-editor panel-first-child panel-last-child\" data-index=\"1\" ><div style=\"text-align: left;\" data-title-color=\"#443f3f\" data-headings-color=\"#443f3f\" class=\"panel-widget-style panel-widget-style-for-421-1-0-0\" ><div\n\t\t\t\n\t\t\tclass=\"so-widget-sow-editor so-widget-sow-editor-base\"\n\t\t\t\n\t\t><h3 class=\"widget-title\">Lista de Expositores - SE PUBLICAR\u00c1 M\u00c1S ADELANTE<\/h3>\n<div class=\"siteorigin-widget-tinymce textwidget\">\n\t<h3><strong>Exhibitors attending the \"ADVENTURE OVERLAND &amp; CAMPERVAN SHOW 2026\" will be listed here later.<\/strong><\/h3>\n<\/div>\n<\/div><\/div><\/div><\/div><div id=\"pgc-421-1-1\"  class=\"panel-grid-cell\" ><div id=\"panel-421-1-1-0\" class=\"so-panel widget widget_sow-editor panel-first-child\" data-index=\"2\" ><div style=\"text-align: left;\" data-title-color=\"#443f3f\" data-headings-color=\"#443f3f\" class=\"panel-widget-style panel-widget-style-for-421-1-1-0\" ><div\n\t\t\t\n\t\t\tclass=\"so-widget-sow-editor so-widget-sow-editor-base\"\n\t\t\t\n\t\t><h3 class=\"widget-title\">Causas ben\u00e9ficas - SE PUBLICAR\u00c1 M\u00c1S ADELANTE<\/h3>\n<div class=\"siteorigin-widget-tinymce textwidget\">\n\t<p>&nbsp;<\/p>\n<p>?<\/p>\n<p>&nbsp;<\/p>\n<\/div>\n<\/div><\/div><\/div><div id=\"panel-421-1-1-1\" class=\"so-panel widget widget_sow-editor panel-last-child\" data-index=\"3\" ><div style=\"text-align: left;\" data-title-color=\"#443f3f\" data-headings-color=\"#443f3f\" class=\"panel-widget-style panel-widget-style-for-421-1-1-1\" ><div\n\t\t\t\n\t\t\tclass=\"so-widget-sow-editor so-widget-sow-editor-base\"\n\t\t\t\n\t\t><h3 class=\"widget-title\">Atracciones - SE PUBLICAR\u00c1 M\u00c1S ADELANTE<\/h3>\n<div class=\"siteorigin-widget-tinymce textwidget\">\n\t<p>?<\/p>\n<p>&nbsp;<\/p>\n<\/div>\n<\/div><\/div><\/div><\/div><\/div><\/div><\/div>","protected":false},"excerpt":{"rendered":"<p>Exhibitors attending the &#8220;ADVENTURE OVERLAND &amp; CAMPERVAN SHOW 2026&#8221; will be listed here later. &nbsp; ? &nbsp; ? &nbsp;<\/p>","protected":false},"author":1,"featured_media":0,"parent":0,"menu_order":0,"comment_status":"closed","ping_status":"closed","template":"page-templates\/page_front-page.php","meta":{"advanced_seo_description":"","jetpack_seo_html_title":"","jetpack_seo_noindex":false,"footnotes":""},"class_list":["post-421","page","type-page","status-publish","hentry"],"jetpack_sharing_enabled":true,"jetpack_shortlink":"https:\/\/wp.me\/Pa4eiK-6N","jetpack_likes_enabled":true,"_links":{"self":[{"href":"https:\/\/adventure-overland-show.com\/es\/wp-json\/wp\/v2\/pages\/421","targetHints":{"allow":["GET"]}}],"collection":[{"href":"https:\/\/adventure-overland-show.com\/es\/wp-json\/wp\/v2\/pages"}],"about":[{"href":"https:\/\/adventure-overland-show.com\/es\/wp-json\/wp\/v2\/types\/page"}],"author":[{"embeddable":true,"href":"https:\/\/adventure-overland-show.com\/es\/wp-json\/wp\/v2\/users\/1"}],"replies":[{"embeddable":true,"href":"https:\/\/adventure-overland-show.com\/es\/wp-json\/wp\/v2\/comments?post=421"}],"version-history":[{"count":102,"href":"https:\/\/adventure-overland-show.com\/es\/wp-json\/wp\/v2\/pages\/421\/revisions"}],"predecessor-version":[{"id":7300,"href":"https:\/\/adventure-overland-show.com\/es\/wp-json\/wp\/v2\/pages\/421\/revisions\/7300"}],"wp:attachment":[{"href":"https:\/\/adventure-overland-show.com\/es\/wp-json\/wp\/v2\/media?parent=421"}],"curies":[{"name":"wp","href":"https:\/\/api.w.org\/{rel}","templated":true}]}}